{"id":43,"date":"2023-06-12T22:41:41","date_gmt":"2023-06-12T22:41:41","guid":{"rendered":"https:\/\/rcrealestate.com.mx\/?page_id=43"},"modified":"2023-06-24T21:52:19","modified_gmt":"2023-06-24T21:52:19","slug":"privacy-policies","status":"publish","type":"page","link":"https:\/\/rcrealestate.com.mx\/en\/politicas-privacidad\/","title":{"rendered":"Privacy Policy"},"content":{"rendered":"<div data-elementor-type=\"wp-page\" data-elementor-id=\"43\" class=\"elementor elementor-43\" data-elementor-post-type=\"page\">\n\t\t\t\t<section class=\"elementor-element elementor-element-b378afd e-con-full e-flex e-con e-parent\" data-id=\"b378afd\" data-element_type=\"container\" data-e-type=\"container\">\n\t\t<div class=\"elementor-element elementor-element-6533ae5 e-con-full e-flex e-con e-parent\" data-id=\"6533ae5\" data-element_type=\"container\" data-e-type=\"container\">\n\t\t\t\t<div class=\"elementor-element elementor-element-ae71969 elementor-widget elementor-widget-heading\" data-id=\"ae71969\" data-element_type=\"widget\" data-e-type=\"widget\" data-widget_type=\"heading.default\">\n\t\t\t\t<div class=\"elementor-widget-container\">\n\t\t\t\t\t<h1 class=\"elementor-heading-title elementor-size-default\">Privacy Policy<\/h1>\t\t\t\t<\/div>\n\t\t\t\t<\/div>\n\t\t\t\t<div class=\"elementor-element elementor-element-9ce404d elementor-widget elementor-widget-heading\" data-id=\"9ce404d\" data-element_type=\"widget\" data-e-type=\"widget\" data-widget_type=\"heading.default\">\n\t\t\t\t<div class=\"elementor-widget-container\">\n\t\t\t\t\t<p class=\"elementor-heading-title elementor-size-default\">Raffaelle Cantone better known as RC REAL ESTATE, domiciled in Playa del Carmen, Quintana Roo, Mexico and internet portal https:\/\/rcrealestate.com.mx\/, is responsible for the use and protection of your personal data, and in this regard we inform you as follows:<\/p>\t\t\t\t<\/div>\n\t\t\t\t<\/div>\n\t\t\t\t<div class=\"elementor-element elementor-element-2b10f8a elementor-widget elementor-widget-heading\" data-id=\"2b10f8a\" data-element_type=\"widget\" data-e-type=\"widget\" data-widget_type=\"heading.default\">\n\t\t\t\t<div class=\"elementor-widget-container\">\n\t\t\t\t\t<h3 class=\"elementor-heading-title elementor-size-default\">For what purposes will we use your personal data?<\/h3>\t\t\t\t<\/div>\n\t\t\t\t<\/div>\n\t\t\t\t<div class=\"elementor-element elementor-element-d44e84b elementor-widget elementor-widget-heading\" data-id=\"d44e84b\" data-element_type=\"widget\" data-e-type=\"widget\" data-widget_type=\"heading.default\">\n\t\t\t\t<div class=\"elementor-widget-container\">\n\t\t\t\t\t<p class=\"elementor-heading-title elementor-size-default\">The personal data we collect from you will be used for the following purposes that are necessary for the service you request:<\/p>\t\t\t\t<\/div>\n\t\t\t\t<\/div>\n\t\t\t\t<div class=\"elementor-element elementor-element-0ff9b05 elementor-widget elementor-widget-heading\" data-id=\"0ff9b05\" data-element_type=\"widget\" data-e-type=\"widget\" data-widget_type=\"heading.default\">\n\t\t\t\t<div class=\"elementor-widget-container\">\n\t\t\t\t\t<p class=\"elementor-heading-title elementor-size-default\">Reply to contact form messages<\/p>\t\t\t\t<\/div>\n\t\t\t\t<\/div>\n\t\t\t\t<div class=\"elementor-element elementor-element-04bb3f4 elementor-widget elementor-widget-heading\" data-id=\"04bb3f4\" data-element_type=\"widget\" data-e-type=\"widget\" data-widget_type=\"heading.default\">\n\t\t\t\t<div class=\"elementor-widget-container\">\n\t\t\t\t\t<p class=\"elementor-heading-title elementor-size-default\">Provision of any requested service<\/p>\t\t\t\t<\/div>\n\t\t\t\t<\/div>\n\t\t\t\t<div class=\"elementor-element elementor-element-ec96514 elementor-widget elementor-widget-heading\" data-id=\"ec96514\" data-element_type=\"widget\" data-e-type=\"widget\" data-widget_type=\"heading.default\">\n\t\t\t\t<div class=\"elementor-widget-container\">\n\t\t\t\t\t<h3 class=\"elementor-heading-title elementor-size-default\">What personal data will we use for these purposes?<\/h3>\t\t\t\t<\/div>\n\t\t\t\t<\/div>\n\t\t\t\t<div class=\"elementor-element elementor-element-53600f1 elementor-widget elementor-widget-heading\" data-id=\"53600f1\" data-element_type=\"widget\" data-e-type=\"widget\" data-widget_type=\"heading.default\">\n\t\t\t\t<div class=\"elementor-widget-container\">\n\t\t\t\t\t<p class=\"elementor-heading-title elementor-size-default\">To carry out the purposes described in this privacy notice, we will use the following personal data:<\/p>\t\t\t\t<\/div>\n\t\t\t\t<\/div>\n\t\t\t\t<div class=\"elementor-element elementor-element-2e70ff0 elementor-widget elementor-widget-heading\" data-id=\"2e70ff0\" data-element_type=\"widget\" data-e-type=\"widget\" data-widget_type=\"heading.default\">\n\t\t\t\t<div class=\"elementor-widget-container\">\n\t\t\t\t\t<p class=\"elementor-heading-title elementor-size-default\">Identification and contact information<\/p>\t\t\t\t<\/div>\n\t\t\t\t<\/div>\n\t\t\t\t<div class=\"elementor-element elementor-element-f9b8885 elementor-widget elementor-widget-heading\" data-id=\"f9b8885\" data-element_type=\"widget\" data-e-type=\"widget\" data-widget_type=\"heading.default\">\n\t\t\t\t<div class=\"elementor-widget-container\">\n\t\t\t\t\t<h3 class=\"elementor-heading-title elementor-size-default\">Use of tracking technologies on our website<\/h3>\t\t\t\t<\/div>\n\t\t\t\t<\/div>\n\t\t\t\t<div class=\"elementor-element elementor-element-a906e07 elementor-widget elementor-widget-heading\" data-id=\"a906e07\" data-element_type=\"widget\" data-e-type=\"widget\" data-widget_type=\"heading.default\">\n\t\t\t\t<div class=\"elementor-widget-container\">\n\t\t\t\t\t<p class=\"elementor-heading-title elementor-size-default\">We inform you that on our website we use cookies, web beacons or other technologies, through which it is possible to monitor your behavior as an Internet user, as well as to provide you with a better service and experience when browsing our website. The personal data we obtain from these tracking technologies are the following:<\/p>\t\t\t\t<\/div>\n\t\t\t\t<\/div>\n\t\t\t\t<div class=\"elementor-element elementor-element-bbc04e6 elementor-widget elementor-widget-heading\" data-id=\"bbc04e6\" data-element_type=\"widget\" data-e-type=\"widget\" data-widget_type=\"heading.default\">\n\t\t\t\t<div class=\"elementor-widget-container\">\n\t\t\t\t\t<p class=\"elementor-heading-title elementor-size-default\">Identifiers<\/p>\t\t\t\t<\/div>\n\t\t\t\t<\/div>\n\t\t\t\t<div class=\"elementor-element elementor-element-8d3eca1 elementor-widget elementor-widget-heading\" data-id=\"8d3eca1\" data-element_type=\"widget\" data-e-type=\"widget\" data-widget_type=\"heading.default\">\n\t\t\t\t<div class=\"elementor-widget-container\">\n\t\t\t\t\t<p class=\"elementor-heading-title elementor-size-default\">User Preferred Language<\/p>\t\t\t\t<\/div>\n\t\t\t\t<\/div>\n\t\t\t\t<div class=\"elementor-element elementor-element-331b136 elementor-widget elementor-widget-heading\" data-id=\"331b136\" data-element_type=\"widget\" data-e-type=\"widget\" data-widget_type=\"heading.default\">\n\t\t\t\t<div class=\"elementor-widget-container\">\n\t\t\t\t\t<p class=\"elementor-heading-title elementor-size-default\">Type of user operating system<\/p>\t\t\t\t<\/div>\n\t\t\t\t<\/div>\n\t\t\t\t<div class=\"elementor-element elementor-element-f8754d5 elementor-widget elementor-widget-heading\" data-id=\"f8754d5\" data-element_type=\"widget\" data-e-type=\"widget\" data-widget_type=\"heading.default\">\n\t\t\t\t<div class=\"elementor-widget-container\">\n\t\t\t\t\t<p class=\"elementor-heading-title elementor-size-default\">These cookies, web beacons and other technologies can be disabled. To find out how to do this, please consult your browser's help menu. Please note that if you disable cookies, you may not be able to access certain personalized features on our website.<\/p>\t\t\t\t<\/div>\n\t\t\t\t<\/div>\n\t\t\t\t<div class=\"elementor-element elementor-element-3d0f611 elementor-widget elementor-widget-heading\" data-id=\"3d0f611\" data-element_type=\"widget\" data-e-type=\"widget\" data-widget_type=\"heading.default\">\n\t\t\t\t<div class=\"elementor-widget-container\">\n\t\t\t\t\t<h3 class=\"elementor-heading-title elementor-size-default\">How can you find out about changes to this privacy notice?<\/h3>\t\t\t\t<\/div>\n\t\t\t\t<\/div>\n\t\t\t\t<div class=\"elementor-element elementor-element-d615e92 elementor-widget elementor-widget-heading\" data-id=\"d615e92\" data-element_type=\"widget\" data-e-type=\"widget\" data-widget_type=\"heading.default\">\n\t\t\t\t<div class=\"elementor-widget-container\">\n\t\t\t\t\t<p class=\"elementor-heading-title elementor-size-default\">This privacy notice may be modified, changed or updated due to new legal requirements; our own needs for the products or services we offer; our privacy practices; changes in our business model, or for other reasons. We are committed to keep this privacy notice updated on the changes that may occur and you can always consult the updates that exist on the website https:\/\/rcrealestate.com.mx\/.<\/p>\t\t\t\t<\/div>\n\t\t\t\t<\/div>\n\t\t\t\t<div class=\"elementor-element elementor-element-5d73d4d elementor-widget elementor-widget-heading\" data-id=\"5d73d4d\" data-element_type=\"widget\" data-e-type=\"widget\" data-widget_type=\"heading.default\">\n\t\t\t\t<div class=\"elementor-widget-container\">\n\t\t\t\t\t<p class=\"elementor-heading-title elementor-size-default\">This privacy notice was last updated: 20\/06\/2023<\/p>\t\t\t\t<\/div>\n\t\t\t\t<\/div>\n\t\t\t\t<\/div>\n\t\t\t\t<\/section>\n\t\t\t\t<\/div>","protected":false},"excerpt":{"rendered":"<p>Pol\u00edticas de Privacidad Raffaelle Cantone mejor conocido como RC REAL ESTATE, con domicilio en Playa del Carmen, Quintana Roo, M\u00e9xico y portal de internet https:\/\/rcrealestate.com.mx\/, es el responsable del uso y protecci\u00f3n de sus datos personales, y al respecto le informamos lo siguiente: \u00bfPara qu\u00e9 fines utilizaremos sus datos personales? Los datos personales que recabamos [&hellip;]<\/p>\n","protected":false},"author":1,"featured_media":0,"parent":0,"menu_order":0,"comment_status":"closed","ping_status":"closed","template":"","meta":{"site-sidebar-layout":"no-sidebar","site-content-layout":"page-builder","ast-site-content-layout":"default","site-content-style":"default","site-sidebar-style":"default","ast-global-header-display":"","ast-banner-title-visibility":"","ast-main-header-display":"","ast-hfb-above-header-display":"","ast-hfb-below-header-display":"","ast-hfb-mobile-header-display":"","site-post-title":"disabled","ast-breadcrumbs-content":"","ast-featured-img":"disabled","footer-sml-layout":"","ast-disable-related-posts":"","theme-transparent-header-meta":"default","adv-header-id-meta":"","stick-header-meta":"","header-above-stick-meta":"","header-main-stick-meta":"","header-below-stick-meta":"","astra-migrate-meta-layouts":"default","ast-page-background-enabled":"default","ast-page-background-meta":{"desktop":{"background-color":"var(--ast-global-color-4)","background-image":"","background-repeat":"repeat","background-position":"center center","background-size":"auto","background-attachment":"scroll","background-type":"","background-media":"","overlay-type":"","overlay-color":"","overlay-opacity":"","overlay-gradient":""},"tablet":{"background-color":"","background-image":"","background-repeat":"repeat","background-position":"center center","background-size":"auto","background-attachment":"scroll","background-type":"","background-media":"","overlay-type":"","overlay-color":"","overlay-opacity":"","overlay-gradient":""},"mobile":{"background-color":"","background-image":"","background-repeat":"repeat","background-position":"center center","background-size":"auto","background-attachment":"scroll","background-type":"","background-media":"","overlay-type":"","overlay-color":"","overlay-opacity":"","overlay-gradient":""}},"ast-content-background-meta":{"desktop":{"background-color":"var(--ast-global-color-5)","background-image":"","background-repeat":"repeat","background-position":"center center","background-size":"auto","background-attachment":"scroll","background-type":"","background-media":"","overlay-type":"","overlay-color":"","overlay-opacity":"","overlay-gradient":""},"tablet":{"background-color":"var(--ast-global-color-5)","background-image":"","background-repeat":"repeat","background-position":"center center","background-size":"auto","background-attachment":"scroll","background-type":"","background-media":"","overlay-type":"","overlay-color":"","overlay-opacity":"","overlay-gradient":""},"mobile":{"background-color":"var(--ast-global-color-5)","background-image":"","background-repeat":"repeat","background-position":"center center","background-size":"auto","background-attachment":"scroll","background-type":"","background-media":"","overlay-type":"","overlay-color":"","overlay-opacity":"","overlay-gradient":""}},"footnotes":""},"class_list":["post-43","page","type-page","status-publish","hentry"],"yoast_head":"<!-- This site is optimized with the Yoast SEO plugin v27.1.1 - https:\/\/yoast.com\/product\/yoast-seo-wordpress\/ -->\n<title>Pol\u00edticas de Privacidad - RC | Real Estate<\/title>\n<meta name=\"description\" content=\"Conoce nuestras pol\u00edticas de privacidad y c\u00f3mo protegemos tus datos e informaci\u00f3n personal.\" \/>\n<meta name=\"robots\" content=\"index, follow, max-snippet:-1, max-image-preview:large, max-video-preview:-1\" \/>\n<link rel=\"canonical\" href=\"https:\/\/rcrealestate.com.mx\/en\/privacy-policies\/\" \/>\n<meta property=\"og:locale\" content=\"en_US\" \/>\n<meta property=\"og:type\" content=\"article\" \/>\n<meta property=\"og:title\" content=\"Pol\u00edticas de Privacidad - RC | Real Estate\" \/>\n<meta property=\"og:description\" content=\"Conoce nuestras pol\u00edticas de privacidad y c\u00f3mo protegemos tus datos e informaci\u00f3n personal.\" \/>\n<meta property=\"og:url\" content=\"https:\/\/rcrealestate.com.mx\/en\/privacy-policies\/\" \/>\n<meta property=\"og:site_name\" content=\"RC | Real Estate\" \/>\n<meta property=\"article:modified_time\" content=\"2023-06-24T21:52:19+00:00\" \/>\n<meta name=\"twitter:card\" content=\"summary_large_image\" \/>\n<meta name=\"twitter:title\" content=\"Pol\u00edticas de Privacidad - RC | Real Estate\" \/>\n<meta name=\"twitter:description\" content=\"Conoce nuestras pol\u00edticas de privacidad y c\u00f3mo protegemos tus datos e informaci\u00f3n personal.\" \/>\n<meta name=\"twitter:label1\" content=\"Est. reading time\" \/>\n\t<meta name=\"twitter:data1\" content=\"2 minutes\" \/>\n<script type=\"application\/ld+json\" class=\"yoast-schema-graph\">{\"@context\":\"https:\/\/schema.org\",\"@graph\":[{\"@type\":\"WebPage\",\"@id\":\"https:\/\/rcrealestate.com.mx\/politicas-privacidad\/\",\"url\":\"https:\/\/rcrealestate.com.mx\/politicas-privacidad\/\",\"name\":\"Pol\u00edticas de Privacidad - RC | Real Estate\",\"isPartOf\":{\"@id\":\"https:\/\/rcrealestate.com.mx\/#website\"},\"datePublished\":\"2023-06-12T22:41:41+00:00\",\"dateModified\":\"2023-06-24T21:52:19+00:00\",\"description\":\"Conoce nuestras pol\u00edticas de privacidad y c\u00f3mo protegemos tus datos e informaci\u00f3n personal.\",\"breadcrumb\":{\"@id\":\"https:\/\/rcrealestate.com.mx\/politicas-privacidad\/#breadcrumb\"},\"inLanguage\":\"en-US\",\"potentialAction\":[{\"@type\":\"ReadAction\",\"target\":[\"https:\/\/rcrealestate.com.mx\/politicas-privacidad\/\"]}]},{\"@type\":\"BreadcrumbList\",\"@id\":\"https:\/\/rcrealestate.com.mx\/politicas-privacidad\/#breadcrumb\",\"itemListElement\":[{\"@type\":\"ListItem\",\"position\":1,\"name\":\"Inicio\",\"item\":\"https:\/\/rcrealestate.com.mx\/\"},{\"@type\":\"ListItem\",\"position\":2,\"name\":\"Pol\u00edticas de privacidad\"}]},{\"@type\":\"WebSite\",\"@id\":\"https:\/\/rcrealestate.com.mx\/#website\",\"url\":\"https:\/\/rcrealestate.com.mx\/\",\"name\":\"RC | Real Estate\",\"description\":\"\",\"potentialAction\":[{\"@type\":\"SearchAction\",\"target\":{\"@type\":\"EntryPoint\",\"urlTemplate\":\"https:\/\/rcrealestate.com.mx\/?s={search_term_string}\"},\"query-input\":{\"@type\":\"PropertyValueSpecification\",\"valueRequired\":true,\"valueName\":\"search_term_string\"}}],\"inLanguage\":\"en-US\"}]}<\/script>\n<!-- \/ Yoast SEO plugin. -->","yoast_head_json":{"title":"Privacy Policy - RC | Real Estate","description":"Learn about our privacy policies and how we protect your personal data and information.","robots":{"index":"index","follow":"follow","max-snippet":"max-snippet:-1","max-image-preview":"max-image-preview:large","max-video-preview":"max-video-preview:-1"},"canonical":"https:\/\/rcrealestate.com.mx\/en\/privacy-policies\/","og_locale":"en_US","og_type":"article","og_title":"Pol\u00edticas de Privacidad - RC | Real Estate","og_description":"Conoce nuestras pol\u00edticas de privacidad y c\u00f3mo protegemos tus datos e informaci\u00f3n personal.","og_url":"https:\/\/rcrealestate.com.mx\/en\/privacy-policies\/","og_site_name":"RC | Real Estate","article_modified_time":"2023-06-24T21:52:19+00:00","twitter_card":"summary_large_image","twitter_title":"Pol\u00edticas de Privacidad - RC | Real Estate","twitter_description":"Conoce nuestras pol\u00edticas de privacidad y c\u00f3mo protegemos tus datos e informaci\u00f3n personal.","twitter_misc":{"Est. reading time":"2 minutes"},"schema":{"@context":"https:\/\/schema.org","@graph":[{"@type":"WebPage","@id":"https:\/\/rcrealestate.com.mx\/politicas-privacidad\/","url":"https:\/\/rcrealestate.com.mx\/politicas-privacidad\/","name":"Privacy Policy - RC | Real Estate","isPartOf":{"@id":"https:\/\/rcrealestate.com.mx\/#website"},"datePublished":"2023-06-12T22:41:41+00:00","dateModified":"2023-06-24T21:52:19+00:00","description":"Learn about our privacy policies and how we protect your personal data and information.","breadcrumb":{"@id":"https:\/\/rcrealestate.com.mx\/politicas-privacidad\/#breadcrumb"},"inLanguage":"en-US","potentialAction":[{"@type":"ReadAction","target":["https:\/\/rcrealestate.com.mx\/politicas-privacidad\/"]}]},{"@type":"BreadcrumbList","@id":"https:\/\/rcrealestate.com.mx\/politicas-privacidad\/#breadcrumb","itemListElement":[{"@type":"ListItem","position":1,"name":"Inicio","item":"https:\/\/rcrealestate.com.mx\/"},{"@type":"ListItem","position":2,"name":"Pol\u00edticas de privacidad"}]},{"@type":"WebSite","@id":"https:\/\/rcrealestate.com.mx\/#website","url":"https:\/\/rcrealestate.com.mx\/","name":"RC | Real Estate","description":"","potentialAction":[{"@type":"SearchAction","target":{"@type":"EntryPoint","urlTemplate":"https:\/\/rcrealestate.com.mx\/?s={search_term_string}"},"query-input":{"@type":"PropertyValueSpecification","valueRequired":true,"valueName":"search_term_string"}}],"inLanguage":"en-US"}]}},"_links":{"self":[{"href":"https:\/\/rcrealestate.com.mx\/en\/wp-json\/wp\/v2\/pages\/43","targetHints":{"allow":["GET"]}}],"collection":[{"href":"https:\/\/rcrealestate.com.mx\/en\/wp-json\/wp\/v2\/pages"}],"about":[{"href":"https:\/\/rcrealestate.com.mx\/en\/wp-json\/wp\/v2\/types\/page"}],"author":[{"embeddable":true,"href":"https:\/\/rcrealestate.com.mx\/en\/wp-json\/wp\/v2\/users\/1"}],"replies":[{"embeddable":true,"href":"https:\/\/rcrealestate.com.mx\/en\/wp-json\/wp\/v2\/comments?post=43"}],"version-history":[{"count":30,"href":"https:\/\/rcrealestate.com.mx\/en\/wp-json\/wp\/v2\/pages\/43\/revisions"}],"predecessor-version":[{"id":1072,"href":"https:\/\/rcrealestate.com.mx\/en\/wp-json\/wp\/v2\/pages\/43\/revisions\/1072"}],"wp:attachment":[{"href":"https:\/\/rcrealestate.com.mx\/en\/wp-json\/wp\/v2\/media?parent=43"}],"curies":[{"name":"wp","href":"https:\/\/api.w.org\/{rel}","templated":true}]}}